{"id":40,"date":"2024-01-18T13:36:43","date_gmt":"2024-01-18T12:36:43","guid":{"rendered":"https:\/\/www.mjs.mjscommunication.fr\/?page_id=40"},"modified":"2024-11-06T09:36:45","modified_gmt":"2024-11-06T08:36:45","slug":"mentions-legales","status":"publish","type":"page","link":"https:\/\/www.mjscommunication.fr\/index.php\/mentions-legales\/","title":{"rendered":"Mentions L\u00e9gales"},"content":{"rendered":"\t\t<div data-elementor-type=\"wp-page\" data-elementor-id=\"40\" class=\"elementor elementor-40\">\n\t\t\t\t\t\t<section class=\"elementor-section elementor-top-section elementor-element elementor-element-4a0ec265 elementor-section-height-min-height elementor-section-boxed elementor-section-height-default elementor-section-items-middle\" data-id=\"4a0ec265\" data-element_type=\"section\" data-e-type=\"section\" data-settings=\"{&quot;background_background&quot;:&quot;classic&quot;}\">\n\t\t\t\t\t\t\t<div class=\"elementor-background-overlay\"><\/div>\n\t\t\t\t\t\t\t<div class=\"elementor-container elementor-column-gap-default\">\n\t\t\t\t\t<div class=\"elementor-column elementor-col-100 elementor-top-column elementor-element elementor-element-10b32207\" data-id=\"10b32207\" data-element_type=\"column\" data-e-type=\"column\">\n\t\t\t<div class=\"elementor-widget-wrap elementor-element-populated\">\n\t\t\t\t\t\t<div class=\"elementor-element elementor-element-2300526e elementor-widget__width-initial elementor-widget elementor-widget-heading\" data-id=\"2300526e\" data-element_type=\"widget\" data-e-type=\"widget\" data-widget_type=\"heading.default\">\n\t\t\t\t<div class=\"elementor-widget-container\">\n\t\t\t\t\t<h1 class=\"elementor-heading-title elementor-size-default\"> MJS Communication<br>Mentions L\u00e9gales <\/h1>\t\t\t\t<\/div>\n\t\t\t\t<\/div>\n\t\t\t\t\t<\/div>\n\t\t<\/div>\n\t\t\t\t\t<\/div>\n\t\t<\/section>\n\t\t\t\t<section class=\"elementor-section elementor-top-section elementor-element elementor-element-b043b73 elementor-section-boxed elementor-section-height-default elementor-section-height-default\" data-id=\"b043b73\" data-element_type=\"section\" data-e-type=\"section\" data-settings=\"{&quot;background_background&quot;:&quot;classic&quot;}\">\n\t\t\t\t\t\t\t<div class=\"elementor-background-overlay\"><\/div>\n\t\t\t\t\t\t\t<div class=\"elementor-container elementor-column-gap-default\">\n\t\t\t\t\t<div class=\"elementor-column elementor-col-100 elementor-top-column elementor-element elementor-element-e48a27b\" data-id=\"e48a27b\" data-element_type=\"column\" data-e-type=\"column\">\n\t\t\t<div class=\"elementor-widget-wrap elementor-element-populated\">\n\t\t\t\t\t\t<section class=\"elementor-section elementor-inner-section elementor-element elementor-element-fdff9d5 elementor-section-boxed elementor-section-height-default elementor-section-height-default\" data-id=\"fdff9d5\" data-element_type=\"section\" data-e-type=\"section\">\n\t\t\t\t\t\t<div class=\"elementor-container elementor-column-gap-default\">\n\t\t\t\t\t<div class=\"elementor-column elementor-col-100 elementor-inner-column elementor-element elementor-element-be00934\" data-id=\"be00934\" data-element_type=\"column\" data-e-type=\"column\">\n\t\t\t<div class=\"elementor-widget-wrap elementor-element-populated\">\n\t\t\t\t\t\t<div class=\"elementor-element elementor-element-34f2017 elementor-widget elementor-widget-text-editor\" data-id=\"34f2017\" data-element_type=\"widget\" data-e-type=\"widget\" data-widget_type=\"text-editor.default\">\n\t\t\t\t<div class=\"elementor-widget-container\">\n\t\t\t\t\t\t\t\t\t<div class=\"flex flex-grow flex-col max-w-full\"><div class=\"min-h-[20px] text-message flex flex-col items-start gap-3 whitespace-pre-wrap break-words [.text-message+&amp;]:mt-5 overflow-x-auto\" data-message-author-role=\"assistant\" data-message-id=\"477c3068-1e57-499c-9034-f91473b19cee\"><div class=\"markdown prose w-full break-words dark:prose-invert dark\"><div class=\"flex flex-grow flex-col max-w-full\"><div class=\"min-h-[20px] text-message flex flex-col items-start gap-3 whitespace-pre-wrap break-words [.text-message+&amp;]:mt-5 overflow-x-auto\" data-message-author-role=\"assistant\" data-message-id=\"9c68cfd7-2134-4acf-9695-7efcfd859b29\"><div class=\"markdown prose w-full break-words dark:prose-invert dark\"><p>Conform\u00e9ment aux dispositions des articles 6-III et 19 de la Loi n\u00b0 2004-575 du 21 juin 2004 pour la Confiance dans l\u2019\u00e9conomie num\u00e9rique.<\/p><p>Philippe Nemassoa, nom commercial Eleven Webdesign Alt.<\/p><p>\u00a0Le site <a href=\"https:\/\/www.mjscommunication.fr\/\"><strong>https:\/\/www.mjscommunication.fr\/<\/strong><\/a> est \u00e9dit\u00e9 par \u00a0<strong>MJS Communication<\/strong>,\u00a0 dont le si\u00e8ge est situ\u00e9 <strong>8 rue des Dahlias, La Jacquemini\u00e8re, 45320 COURTENAY FRANCE<\/strong>. <strong>MJS Communication<\/strong> est joignable 24h\/24, 7J\/7 au moyen du formulaire de contact sur le site https:\/\/www.mjscommunication.fr.\u00a0<\/p><p><strong>N\u00b0 SIRET : 53341775400033<\/strong><\/p><p>Le directeur de publication est M. Jocelyn SYMPHON.\u00a0<\/p><\/div><\/div><\/div><\/div><\/div><\/div>\t\t\t\t\t\t\t\t<\/div>\n\t\t\t\t<\/div>\n\t\t\t\t\t<\/div>\n\t\t<\/div>\n\t\t\t\t\t<\/div>\n\t\t<\/section>\n\t\t\t\t<section class=\"elementor-section elementor-inner-section elementor-element elementor-element-2931abc elementor-section-boxed elementor-section-height-default elementor-section-height-default\" data-id=\"2931abc\" data-element_type=\"section\" data-e-type=\"section\">\n\t\t\t\t\t\t<div class=\"elementor-container elementor-column-gap-default\">\n\t\t\t\t\t<div class=\"elementor-column elementor-col-100 elementor-inner-column elementor-element elementor-element-2c53292\" data-id=\"2c53292\" data-element_type=\"column\" data-e-type=\"column\">\n\t\t\t<div class=\"elementor-widget-wrap elementor-element-populated\">\n\t\t\t\t\t\t<div class=\"elementor-element elementor-element-d4f025a elementor-widget-mobile__width-initial elementor-invisible elementor-widget elementor-widget-heading\" data-id=\"d4f025a\" data-element_type=\"widget\" data-e-type=\"widget\" data-settings=\"{&quot;_animation&quot;:&quot;fadeInUp&quot;}\" data-widget_type=\"heading.default\">\n\t\t\t\t<div class=\"elementor-widget-container\">\n\t\t\t\t\t<h2 class=\"elementor-heading-title elementor-size-default\">Mentions l\u00e9gales : Int\u00e9gration - D\u00e9veloppement - Maintenance<\/h2>\t\t\t\t<\/div>\n\t\t\t\t<\/div>\n\t\t\t\t<div class=\"elementor-element elementor-element-e76e563 elementor-widget elementor-widget-text-editor\" data-id=\"e76e563\" data-element_type=\"widget\" data-e-type=\"widget\" data-widget_type=\"text-editor.default\">\n\t\t\t\t<div class=\"elementor-widget-container\">\n\t\t\t\t\t\t\t\t\t<p>Philippe Nemassoa<br \/>Agence Web <a href=\"https:\/\/webcreastudio.com\/\" target=\"_blank\" rel=\"noopener\">Webcr\u00e9astudio<\/a><br \/>5 Rue Jean Rochefort, 78750 Mareil-Marly<\/p><p>Site web: Agence Web <a href=\"https:\/\/webcreastudio.com\/\" target=\"_blank\" rel=\"noopener\">Webcr\u00e9astudio<\/a><\/p><p>H\u00e9bergeur du site : OVH SARL \u2013 2 rue Kellermann &#8211; 59100 Roubaix &#8211; France \u2013 https:\/\/www.ovhcloud.com\/fr\/<\/p>\t\t\t\t\t\t\t\t<\/div>\n\t\t\t\t<\/div>\n\t\t\t\t\t<\/div>\n\t\t<\/div>\n\t\t\t\t\t<\/div>\n\t\t<\/section>\n\t\t\t\t\t<\/div>\n\t\t<\/div>\n\t\t\t\t\t<\/div>\n\t\t<\/section>\n\t\t\t\t<section class=\"elementor-section elementor-top-section elementor-element elementor-element-c24950e elementor-section-boxed elementor-section-height-default elementor-section-height-default\" data-id=\"c24950e\" data-element_type=\"section\" data-e-type=\"section\" data-settings=\"{&quot;background_background&quot;:&quot;classic&quot;}\">\n\t\t\t\t\t\t\t<div class=\"elementor-background-overlay\"><\/div>\n\t\t\t\t\t\t\t<div class=\"elementor-container elementor-column-gap-default\">\n\t\t\t\t\t<div class=\"elementor-column elementor-col-100 elementor-top-column elementor-element elementor-element-243f034\" data-id=\"243f034\" data-element_type=\"column\" data-e-type=\"column\">\n\t\t\t<div class=\"elementor-widget-wrap elementor-element-populated\">\n\t\t\t\t\t\t<section class=\"elementor-section elementor-inner-section elementor-element elementor-element-10f737e elementor-section-boxed elementor-section-height-default elementor-section-height-default\" data-id=\"10f737e\" data-element_type=\"section\" data-e-type=\"section\">\n\t\t\t\t\t\t<div class=\"elementor-container elementor-column-gap-default\">\n\t\t\t\t\t<div class=\"elementor-column elementor-col-100 elementor-inner-column elementor-element elementor-element-8cd62d7\" data-id=\"8cd62d7\" data-element_type=\"column\" data-e-type=\"column\">\n\t\t\t<div class=\"elementor-widget-wrap elementor-element-populated\">\n\t\t\t\t\t\t<div class=\"elementor-element elementor-element-c749676 elementor-widget-mobile__width-initial elementor-invisible elementor-widget elementor-widget-heading\" data-id=\"c749676\" data-element_type=\"widget\" data-e-type=\"widget\" data-settings=\"{&quot;_animation&quot;:&quot;fadeInUp&quot;}\" data-widget_type=\"heading.default\">\n\t\t\t\t<div class=\"elementor-widget-container\">\n\t\t\t\t\t<h2 class=\"elementor-heading-title elementor-size-default\">Confidentialit\u00e9\n<\/h2>\t\t\t\t<\/div>\n\t\t\t\t<\/div>\n\t\t\t\t<div class=\"elementor-element elementor-element-0b4d045 elementor-widget elementor-widget-text-editor\" data-id=\"0b4d045\" data-element_type=\"widget\" data-e-type=\"widget\" data-widget_type=\"text-editor.default\">\n\t\t\t\t<div class=\"elementor-widget-container\">\n\t\t\t\t\t\t\t\t\t<p>Conform\u00e9ment aux dispositions du RGPD 2016-679 du 27 avril 2016, et de la loi n\u00b0 78-17 du 6 janvier 1978 modifi\u00e9e, relatives \u00e0 la protection des donn\u00e9es personnelles, nous vous informons que :<\/p><p>Les informations recueillies sur le formulaire de contact de ce site Internet sont enregistr\u00e9es dans un fichier, accessibles uniquement par nos services internes, pour le suivi commercial de nos de nos clients.<\/p><p>Ces conformations sont conserv\u00e9es pendant 3 ans et me sont destin\u00e9es; vous pouvez exercer votre droit d\u2019acc\u00e8s aux donn\u00e9es vous concernant et les faire rectifier ou supprimer en me contactant au moyen du formulaire de contact sur le site <a href=\"https:\/\/www.mjscommunication.fr\">https:\/\/www.mjscommunication.fr<\/a> .<\/p><p>Ce site Internet utilise Google Analytics pour mesurer son audience gr\u00e2ce aux cookies.<\/p><p>Pour en savoir plus, consultez la politique de s\u00e9curit\u00e9 et de protection des donn\u00e9es de Google Analytics en <a href=\"https:\/\/policies.google.com\/privacy?hl=en\" target=\"_blank\" rel=\"noopener\">cliquant ici<\/a>.<\/p><p>Conform\u00e9ment \u00e0 l\u2019article L. 223-2 du Code de la consommation, l\u2019utilisateur peut exercer son droit d\u2019inscription \u00e0 la liste d\u2019opposition au d\u00e9marchage t\u00e9l\u00e9phonique en s\u2019inscrivant sur le site bloctel.gouv.fr. L\u2019ensemble des contenus de ce site Internet est prot\u00e9g\u00e9 par des droits de propri\u00e9t\u00e9 intellectuelle. La reproduction, totale ou partielle, est strictement interdite sans autorisation pr\u00e9alable.<\/p><p>L\u2019entreprise <strong>MJS Communication<\/strong> s\u2019engage \u00e0 prendre toutes les pr\u00e9cautions utiles pour pr\u00e9server la s\u00e9curit\u00e9 des donn\u00e9es et, notamment, emp\u00eacher qu\u2019elles soient d\u00e9form\u00e9es, endommag\u00e9es, ou que des tiers non autoris\u00e9s y aient acc\u00e8s.<\/p>\t\t\t\t\t\t\t\t<\/div>\n\t\t\t\t<\/div>\n\t\t\t\t\t<\/div>\n\t\t<\/div>\n\t\t\t\t\t<\/div>\n\t\t<\/section>\n\t\t\t\t\t<\/div>\n\t\t<\/div>\n\t\t\t\t\t<\/div>\n\t\t<\/section>\n\t\t\t\t<\/div>\n\t\t","protected":false},"excerpt":{"rendered":"<p>MJS CommunicationMentions L\u00e9gales Conform\u00e9ment aux dispositions des articles 6-III et 19 de la Loi n\u00b0 2004-575 du 21 juin 2004 pour la Confiance dans l\u2019\u00e9conomie num\u00e9rique. Philippe Nemassoa, nom commercial Eleven Webdesign Alt. \u00a0Le site https:\/\/www.mjscommunication.fr\/ est \u00e9dit\u00e9 par \u00a0MJS Communication,\u00a0 dont le si\u00e8ge est situ\u00e9 8 rue des Dahlias, La Jacquemini\u00e8re, 45320 COURTENAY FRANCE. [&hellip;]<\/p>\n","protected":false},"author":1,"featured_media":0,"parent":0,"menu_order":11,"comment_status":"closed","ping_status":"closed","template":"","meta":{"footnotes":""},"class_list":["post-40","page","type-page","status-publish","hentry"],"_links":{"self":[{"href":"https:\/\/www.mjscommunication.fr\/index.php\/wp-json\/wp\/v2\/pages\/40","targetHints":{"allow":["GET"]}}],"collection":[{"href":"https:\/\/www.mjscommunication.fr\/index.php\/wp-json\/wp\/v2\/pages"}],"about":[{"href":"https:\/\/www.mjscommunication.fr\/index.php\/wp-json\/wp\/v2\/types\/page"}],"author":[{"embeddable":true,"href":"https:\/\/www.mjscommunication.fr\/index.php\/wp-json\/wp\/v2\/users\/1"}],"replies":[{"embeddable":true,"href":"https:\/\/www.mjscommunication.fr\/index.php\/wp-json\/wp\/v2\/comments?post=40"}],"version-history":[{"count":40,"href":"https:\/\/www.mjscommunication.fr\/index.php\/wp-json\/wp\/v2\/pages\/40\/revisions"}],"predecessor-version":[{"id":3171,"href":"https:\/\/www.mjscommunication.fr\/index.php\/wp-json\/wp\/v2\/pages\/40\/revisions\/3171"}],"wp:attachment":[{"href":"https:\/\/www.mjscommunication.fr\/index.php\/wp-json\/wp\/v2\/media?parent=40"}],"curies":[{"name":"wp","href":"https:\/\/api.w.org\/{rel}","templated":true}]}}